{"id":441,"date":"2020-04-24T06:39:58","date_gmt":"2020-04-24T05:39:58","guid":{"rendered":"https:\/\/jezuitskikolegij.si\/en\/?page_id=441"},"modified":"2023-10-12T12:14:18","modified_gmt":"2023-10-12T11:14:18","slug":"jesuit-student-residence-bernik","status":"publish","type":"page","link":"https:\/\/jezuitskikolegij.si\/en\/jesuit-student-residence-bernik\/","title":{"rendered":"Jesuit Student residence Bernik"},"content":{"rendered":"\n<p>Slovenian Jesuits remember dr. Jo\u017ee and dr. Marija Bernik, who financially generously helped to establish the student residence of the Jesuit College in Ljubljana.<\/p>\n\n\n\n<div class=\"wp-block-columns is-layout-flex wp-container-core-columns-is-layout-9d6595d7 wp-block-columns-is-layout-flex\">\n<div class=\"wp-block-column is-layout-flow wp-block-column-is-layout-flow\" style=\"flex-basis:30%\">\n<figure class=\"wp-block-image size-medium is-style-default\"><img loading=\"lazy\" decoding=\"async\" width=\"300\" height=\"225\" src=\"https:\/\/jezuitskikolegij.si\/en\/wp-content\/uploads\/sites\/2\/2021\/02\/unnamed-300x225.jpg\" alt=\"\" class=\"wp-image-493\" srcset=\"https:\/\/jezuitskikolegij.si\/en\/wp-content\/uploads\/sites\/2\/2021\/02\/unnamed-300x225.jpg 300w, https:\/\/jezuitskikolegij.si\/en\/wp-content\/uploads\/sites\/2\/2021\/02\/unnamed-230x173.jpg 230w, https:\/\/jezuitskikolegij.si\/en\/wp-content\/uploads\/sites\/2\/2021\/02\/unnamed.jpg 620w\" sizes=\"auto, (max-width: 300px) 100vw, 300px\" \/><\/figure>\n<\/div>\n\n\n\n<div class=\"wp-block-column is-layout-flow wp-block-column-is-layout-flow\" style=\"flex-basis:70%\">\n<p>Dr&nbsp;<a rel=\"noreferrer noopener\" href=\"https:\/\/www.slovenska-biografija.si\/oseba\/sbi1004050\/\" target=\"_blank\">Marija Bev\u010dar Bernik<\/a>&nbsp;(1929-2016) was a Slovenian-American physician specializing in internal medicine whose husband Dr&nbsp;<a rel=\"noreferrer noopener\" href=\"https:\/\/www.slovenska-biografija.si\/oseba\/sbi1018050\/\" target=\"_blank\">Jo\u017ee Bernik<\/a>&nbsp;(1924-2011) was a lawyer and politician. Dr Jo\u017ee Bernik graduated from the&nbsp;<a rel=\"noreferrer noopener\" href=\"https:\/\/www.luc.edu\/\" target=\"_blank\">Loyola University<\/a>, a Jesuit university in Chicago.<\/p>\n<\/div>\n<\/div>\n","protected":false},"excerpt":{"rendered":"<p>Slovenian Jesuits remember dr. Jo\u017ee and dr. Marija Bernik, who financially generously helped to establish the student residence of the Jesuit College in Ljubljana. Dr&nbsp;Marija Bev\u010dar Bernik&nbsp;(1929-2016) was a Slovenian-American physician specializing in internal medicine whose husband Dr&nbsp;Jo\u017ee Bernik&nbsp;(1924-2011) was a lawyer and politician. Dr Jo\u017ee Bernik graduated from the&nbsp;Loyola University, a Jesuit university in &#8230;.&nbsp;&nbsp;<a class=\" default\" href=\"https:\/\/jezuitskikolegij.si\/en\/jesuit-student-residence-bernik\/\">Preberi ve\u010d<\/a><\/p>\n","protected":false},"author":2,"featured_media":817,"parent":0,"menu_order":0,"comment_status":"closed","ping_status":"closed","template":"","meta":{"_coblocks_attr":"","_coblocks_dimensions":"","_coblocks_responsive_height":"","_coblocks_accordion_ie_support":"","footnotes":""},"class_list":["post-441","page","type-page","status-publish","has-post-thumbnail","hentry"],"featured_image_src":"https:\/\/jezuitskikolegij.si\/en\/wp-content\/uploads\/sites\/2\/2023\/10\/unnamed-2-1.jpg","_links":{"self":[{"href":"https:\/\/jezuitskikolegij.si\/en\/wp-json\/wp\/v2\/pages\/441","targetHints":{"allow":["GET"]}}],"collection":[{"href":"https:\/\/jezuitskikolegij.si\/en\/wp-json\/wp\/v2\/pages"}],"about":[{"href":"https:\/\/jezuitskikolegij.si\/en\/wp-json\/wp\/v2\/types\/page"}],"author":[{"embeddable":true,"href":"https:\/\/jezuitskikolegij.si\/en\/wp-json\/wp\/v2\/users\/2"}],"replies":[{"embeddable":true,"href":"https:\/\/jezuitskikolegij.si\/en\/wp-json\/wp\/v2\/comments?post=441"}],"version-history":[{"count":7,"href":"https:\/\/jezuitskikolegij.si\/en\/wp-json\/wp\/v2\/pages\/441\/revisions"}],"predecessor-version":[{"id":777,"href":"https:\/\/jezuitskikolegij.si\/en\/wp-json\/wp\/v2\/pages\/441\/revisions\/777"}],"wp:featuredmedia":[{"embeddable":true,"href":"https:\/\/jezuitskikolegij.si\/en\/wp-json\/wp\/v2\/media\/817"}],"wp:attachment":[{"href":"https:\/\/jezuitskikolegij.si\/en\/wp-json\/wp\/v2\/media?parent=441"}],"curies":[{"name":"wp","href":"https:\/\/api.w.org\/{rel}","templated":true}]}}